{"id":42,"date":"2024-09-19T12:53:29","date_gmt":"2024-09-19T09:53:29","guid":{"rendered":"https:\/\/nisanbet71.com\/?page_id=42"},"modified":"2025-11-01T01:50:27","modified_gmt":"2025-10-31T22:50:27","slug":"nisanbet-sikayet","status":"publish","type":"page","link":"https:\/\/nisanbet71.com\/tr\/nisanbet-sikayet\/","title":{"rendered":"Nisanbet \u015eikayet"},"content":{"rendered":"<p style=\"text-align: center;\"><a href=\"https:\/\/nisanbet71.com\/nisanbet-sikayet\/\"><strong>Nisanbet \u015fikayet<\/strong><\/a> konular\u0131 i\u00e7in m\u00fc\u015fteri hizmetleri, kullan\u0131c\u0131lar\u0131n kar\u015f\u0131la\u015ft\u0131klar\u0131 sorunlar\u0131 h\u0131zl\u0131 ve etkili bir \u015fekilde \u00e7\u00f6z\u00fcme kavu\u015fturmak ad\u0131na profesyonel bir anlay\u0131\u015fla \u00e7al\u0131\u015f\u0131r. Canl\u0131 destek birimleri ve info destek departmanlar\u0131, 7\/24 hizmet vererek \u00fcyelerin her t\u00fcrl\u00fc soru ve sorununa yan\u0131t sa\u011flar. Kullan\u0131c\u0131lar, canl\u0131 destek \u00fczerinden an\u0131nda ileti\u015fime ge\u00e7erek sorular\u0131n\u0131 iletebilir ve ilgili departmanlara h\u0131zl\u0131 bir \u015fekilde y\u00f6nlendirilir. Bu s\u00fcre\u00e7te, kullan\u0131c\u0131lara durum hakk\u0131nda detayl\u0131 bilgilendirme yap\u0131l\u0131r ve taleplerine uygun \u00e7\u00f6z\u00fcmler sunulur.<\/p>\n<figure id=\"attachment_135\" aria-describedby=\"caption-attachment-135\" style=\"width: 500px\" class=\"wp-caption aligncenter\"><img loading=\"lazy\" decoding=\"async\" class=\"wp-image-135 size-full\" src=\"https:\/\/nisanbet71.com\/wp-content\/uploads\/2025\/11\/nisanbet-sikayet.png\" alt=\"Nisanbet \u015fikayet bildirisi yapmak i\u00e7in bir \u00e7ok forumu veya blog sayfam\u0131z\u0131n yorumlar k\u0131sm\u0131n\u0131 kullanabilirsiniz.\" width=\"500\" height=\"332\" srcset=\"https:\/\/nisanbet71.com\/wp-content\/uploads\/2025\/11\/nisanbet-sikayet.png 500w, https:\/\/nisanbet71.com\/wp-content\/uploads\/2025\/11\/nisanbet-sikayet-300x199.png 300w\" sizes=\"auto, (max-width: 500px) 100vw, 500px\" \/><figcaption id=\"caption-attachment-135\" class=\"wp-caption-text\">Nisanbet \u015eikayet<\/figcaption><\/figure>\n<p style=\"text-align: center;\"><a href=\"https:\/\/nisanbet71.com\/\"><strong>Nisanbet<\/strong><\/a>, m\u00fc\u015fteri \u015fikayetlerinin \u00e7\u00f6z\u00fcm\u00fcnde lisans kurulu\u015funun sa\u011flad\u0131\u011f\u0131 g\u00fcvenceye de sahiptir. Amadeus Teknoloji Limited \u015eirketi taraf\u0131ndan i\u015fletilen platform, CEG lisans\u0131na sahiptir. Bu lisans, platformun kullan\u0131c\u0131 \u015fikayetlerine kar\u015f\u0131 sorumluluk ta\u015f\u0131mas\u0131n\u0131 ve bu \u015fikayetlerin \u00e7\u00f6z\u00fcm\u00fc i\u00e7in gerekli ad\u0131mlar\u0131n at\u0131lmas\u0131n\u0131 sa\u011flar. \u015eikayetlerin \u00e7\u00f6z\u00fclmedi\u011fi nadir durumlarda, CEG lisans kurulu\u015fu devreye girer ve gerekli incelemeleri yapar. Bu kapsaml\u0131 m\u00fc\u015fteri hizmetleri yakla\u015f\u0131m\u0131, Nisanbet\u2019in kullan\u0131c\u0131 memnuniyetini en \u00fcst d\u00fczeyde tutma konusundaki kararl\u0131l\u0131\u011f\u0131n\u0131 g\u00f6sterir.<\/p>\n<div id=\"ez-toc-container\" class=\"ez-toc-v2_0_82_2 counter-hierarchy ez-toc-counter ez-toc-grey ez-toc-container-direction\">\n<div class=\"ez-toc-title-container\">\n<p class=\"ez-toc-title\" style=\"cursor:inherit\">\u0130\u00e7indekiler<\/p>\n<span class=\"ez-toc-title-toggle\"><a href=\"#\" class=\"ez-toc-pull-right ez-toc-btn ez-toc-btn-xs ez-toc-btn-default ez-toc-toggle\" aria-label=\"\u0130\u00e7indekiler Tablosunu A\u00e7\/Kapat\"><span class=\"ez-toc-js-icon-con\"><span class=\"\"><span class=\"eztoc-hide\" style=\"display:none;\">Toggle<\/span><span class=\"ez-toc-icon-toggle-span\"><svg style=\"fill: #999;color:#999\" xmlns=\"http:\/\/www.w3.org\/2000\/svg\" class=\"list-377408\" width=\"20px\" height=\"20px\" viewBox=\"0 0 24 24\" fill=\"none\"><path d=\"M6 6H4v2h2V6zm14 0H8v2h12V6zM4 11h2v2H4v-2zm16 0H8v2h12v-2zM4 16h2v2H4v-2zm16 0H8v2h12v-2z\" fill=\"currentColor\"><\/path><\/svg><svg style=\"fill: #999;color:#999\" class=\"arrow-unsorted-368013\" xmlns=\"http:\/\/www.w3.org\/2000\/svg\" width=\"10px\" height=\"10px\" viewBox=\"0 0 24 24\" version=\"1.2\" baseProfile=\"tiny\"><path d=\"M18.2 9.3l-6.2-6.3-6.2 6.3c-.2.2-.3.4-.3.7s.1.5.3.7c.2.2.4.3.7.3h11c.3 0 .5-.1.7-.3.2-.2.3-.5.3-.7s-.1-.5-.3-.7zM5.8 14.7l6.2 6.3 6.2-6.3c.2-.2.3-.5.3-.7s-.1-.5-.3-.7c-.2-.2-.4-.3-.7-.3h-11c-.3 0-.5.1-.7.3-.2.2-.3.5-.3.7s.1.5.3.7z\"\/><\/svg><\/span><\/span><\/span><\/a><\/span><\/div>\n<nav><ul class='ez-toc-list ez-toc-list-level-1 ' ><li class='ez-toc-page-1 ez-toc-heading-level-2'><a class=\"ez-toc-link ez-toc-heading-1\" href=\"https:\/\/nisanbet71.com\/tr\/nisanbet-sikayet\/#Nisanbet_Sikayet_Donusleri\" >Nisanbet \u015eikayet D\u00f6n\u00fc\u015fleri<\/a><\/li><li class='ez-toc-page-1 ez-toc-heading-level-2'><a class=\"ez-toc-link ez-toc-heading-2\" href=\"https:\/\/nisanbet71.com\/tr\/nisanbet-sikayet\/#Nisanbet_Musteri_Hizmetleri\" >Nisanbet M\u00fc\u015fteri Hizmetleri<\/a><ul class='ez-toc-list-level-3' ><li class='ez-toc-heading-level-3'><a class=\"ez-toc-link ez-toc-heading-3\" href=\"https:\/\/nisanbet71.com\/tr\/nisanbet-sikayet\/#Nisanbet_Guvenilirligi_Sikayet_Birakmiyor\" >Nisanbet G\u00fcvenilirli\u011fi \u015eikayet B\u0131rakm\u0131yor<\/a><\/li><\/ul><\/li><\/ul><\/nav><\/div>\n<h2 style=\"text-align: center;\"><span class=\"ez-toc-section\" id=\"Nisanbet_Sikayet_Donusleri\"><\/span>Nisanbet \u015eikayet D\u00f6n\u00fc\u015fleri<span class=\"ez-toc-section-end\"><\/span><\/h2>\n<p style=\"text-align: center;\">Nisanbet&#8217;e T\u00fcrkiye ve yurtd\u0131\u015f\u0131ndan kat\u0131lan kullan\u0131c\u0131lar\u0131n olu\u015fturdu\u011fu \u015fikayetler ve talepler, genellikle belirli ba\u015fl\u0131klar alt\u0131nda toplan\u0131r. M\u00fc\u015fteri hizmetleri ile ileti\u015fime ge\u00e7erken, \u015fikayet ve taleplerinizi bu ba\u015fl\u0131klar alt\u0131nda iletmek, daha h\u0131zl\u0131 ve etkili bir \u00e7\u00f6z\u00fcm s\u00fcreci sa\u011flar. \u0130\u015fte en yayg\u0131n konu ba\u015fl\u0131klar\u0131:<\/p>\n<ul style=\"text-align: center;\">\n<li><strong>Para Yat\u0131rma ve Para \u00c7ekme<\/strong>: Kullan\u0131c\u0131lar\u0131n en \u00e7ok dikkat etti\u011fi konular aras\u0131nda yer alan para yat\u0131rma ve \u00e7ekme i\u015flemleri, h\u0131zl\u0131 ve sorunsuz bir \u015fekilde ger\u00e7ekle\u015ftirilir. <strong>Nisanbet<\/strong>, bu s\u00fcre\u00e7lerde m\u00fc\u015fteri memnuniyetine b\u00fcy\u00fck \u00f6nem verir ve kullan\u0131c\u0131lar\u0131n kar\u015f\u0131la\u015fabilece\u011fi olas\u0131 sorunlar\u0131 \u00e7\u00f6zmek i\u00e7in aktif bir destek sa\u011flar.<\/li>\n<li><strong>Bonuslar ve Promosyonlar:<\/strong> Bonuslar\u0131n aktif edilmesi, \u00e7evrim \u015fartlar\u0131 veya promosyonlardan yararlanma gibi konularda kullan\u0131c\u0131lar zaman zaman destek talep edebilir. Nisanbet m\u00fc\u015fteri hizmetleri, bu t\u00fcr taleplere an\u0131nda yan\u0131t vererek, bonuslar ve promosyonlarla ilgili t\u00fcm sorular\u0131n\u0131z\u0131 yan\u0131tlar.<\/li>\n<li><strong>Casino ve Bahis \u015eikayetleri:<\/strong> Casino oyunlar\u0131 ve bahislerde ya\u015fanabilecek teknik veya kullan\u0131c\u0131 kaynakl\u0131 sorunlar, m\u00fc\u015fteri hizmetleri taraf\u0131ndan titizlikle ele al\u0131n\u0131r. Oyunlarda ya\u015fanan herhangi bir uyu\u015fmazl\u0131k veya teknik sorun, uzman ekipler taraf\u0131ndan incelenerek \u00e7\u00f6z\u00fcme kavu\u015fturulur.<\/li>\n<li><strong>Genel Sorular ve Teknik Destek:<\/strong> Kullan\u0131c\u0131lar, platformun genel i\u015fleyi\u015fi hakk\u0131nda bilgi almak ya da teknik destek gerektiren konularda da m\u00fc\u015fteri hizmetlerine ba\u015fvurabilir. Nisanbet, kullan\u0131c\u0131lar\u0131na h\u0131zl\u0131 ve etkili bir teknik destek sunarak, t\u00fcm sorular\u0131 ve sorunlar\u0131 en k\u0131sa s\u00fcrede yan\u0131tlar.<\/li>\n<li><strong>Uyu\u015fmazl\u0131klar:<\/strong> Olas\u0131 uyu\u015fmazl\u0131k durumlar\u0131nda, m\u00fc\u015fteri hizmetleri konuyu ayr\u0131nt\u0131l\u0131 olarak inceleyerek, adil ve kullan\u0131c\u0131 odakl\u0131 bir yakla\u015f\u0131m sergiler. Lisans kurulu\u015fu olan CEG\u2019in sa\u011flad\u0131\u011f\u0131 g\u00fcvence sayesinde, uyu\u015fmazl\u0131klar gerekti\u011finde lisans kurumu taraf\u0131ndan da ele al\u0131n\u0131r.<\/li>\n<\/ul>\n<p style=\"text-align: center;\">Genel olarak, kampanyalar ve finansal i\u015flemler, bahis sitelerinde s\u0131k\u00e7a \u015fikayet edilen konulard\u0131r. Ancak, Nisanbet T\u00fcrkiye sisteminde bu alanlarda bile \u015fikayet ba\u015fl\u0131klar\u0131na pek rastlanmamaktad\u0131r. Para hesaba ge\u00e7miyor, \u00f6deme yap\u0131lm\u0131yor gibi ciddi \u015fikayetler, Nisanbet&#8217;te neredeyse hi\u00e7 duyulmaz. Bu durum, Nisanbet\u2019in g\u00fcvenilirli\u011fini ve m\u00fc\u015fteri memnuniyetine verdi\u011fi \u00f6nemi g\u00f6sterir.<\/p>\n<h2 style=\"text-align: center;\"><span class=\"ez-toc-section\" id=\"Nisanbet_Musteri_Hizmetleri\"><\/span>Nisanbet M\u00fc\u015fteri Hizmetleri<span class=\"ez-toc-section-end\"><\/span><\/h2>\n<p style=\"text-align: center;\"><strong>Nisanbet<\/strong> para yat\u0131rma ve \u00e7ekme konular\u0131nda kullan\u0131c\u0131lar\u0131n kar\u015f\u0131la\u015fabilece\u011fi \u015fikayetler, \u00e7o\u011funlukla finansal i\u015flemlerle ilgili kurallara tam olarak uyulmad\u0131\u011f\u0131nda ortaya \u00e7\u0131kabilir. Platform, para yat\u0131rma ve \u00e7ekme i\u015flemlerinde geni\u015f bir \u00f6deme y\u00f6ntemi yelpazesi sunar ve i\u015flemler olduk\u00e7a pratik ve komisyonsuz bir \u015fekilde ger\u00e7ekle\u015ftirilir. Ancak, belirli kurallara ve \u015fartlara uyulmad\u0131\u011f\u0131nda baz\u0131 sorunlar ya\u015fanabilir.<\/p>\n<p style=\"text-align: center;\">Genellikle \u015fikayetlerin kayna\u011f\u0131, anapara ve bonus \u00e7evrim \u015fartlar\u0131n\u0131n tam olarak anla\u015f\u0131lmamas\u0131ndan veya bu \u015fartlara uyulmamas\u0131ndan kaynaklan\u0131r. Nisanbet, para \u00e7ekimlerinde anaparan\u0131n belirli bir kat\u0131 kadar \u00e7evrilmesini ve bonuslar\u0131n \u00e7evrim \u015fartlar\u0131n\u0131n yerine getirilmesini zorunlu k\u0131lar. Bu kurallara uyuldu\u011fu s\u00fcrece, para \u00e7ekme i\u015flemlerinde sorun ya\u015fanmas\u0131 nadirdir. Ayr\u0131ca, kullan\u0131c\u0131lar\u0131n yaln\u0131zca kendi ad\u0131na kay\u0131tl\u0131 banka hesaplar\u0131n\u0131 kullanmas\u0131 gerekmektedir. Bu kural, finansal i\u015flemlerin g\u00fcvenli\u011fi a\u00e7\u0131s\u0131ndan olduk\u00e7a \u00f6nemlidir.<\/p>\n<h3 style=\"text-align: center;\"><span class=\"ez-toc-section\" id=\"Nisanbet_Guvenilirligi_Sikayet_Birakmiyor\"><\/span>Nisanbet G\u00fcvenilirli\u011fi \u015eikayet B\u0131rakm\u0131yor<span class=\"ez-toc-section-end\"><\/span><\/h3>\n<p style=\"text-align: center;\">Para yat\u0131rma ve \u00e7ekme i\u015flemleri, <strong>Papara<\/strong>, BTC, Seri Havale, Envoy Soft gibi \u00e7e\u015fitli y\u00f6ntemlerle g\u00fcvenilir \u015fekilde ger\u00e7ekle\u015ftirilebilir. Her bir y\u00f6ntemin kendi alt ve \u00fcst limitleri bulunur ve bu limitler ana sayfada g\u00fcncel olarak g\u00f6r\u00fcnt\u00fclenebilir. E\u011fer kullan\u0131c\u0131lar, finansal i\u015flemler s\u0131ras\u0131nda kimlik do\u011frulamas\u0131 veya belge talebiyle kar\u015f\u0131la\u015f\u0131rlarsa ve bu talepleri yerine getirmezlerse, i\u015flemleri iptal edilebilir. Bu t\u00fcr durumlar, genellikle kullan\u0131c\u0131lar\u0131n sistemi suiistimal etme giri\u015fimlerini \u00f6nlemek ve platformun g\u00fcvenli\u011fini sa\u011flamak amac\u0131yla uygulan\u0131r.<\/p>\n","protected":false},"excerpt":{"rendered":"<div class=\"mh-excerpt\"><p>Nisanbet \u015fikayet konular\u0131 i\u00e7in m\u00fc\u015fteri hizmetleri, kullan\u0131c\u0131lar\u0131n kar\u015f\u0131la\u015ft\u0131klar\u0131 sorunlar\u0131 h\u0131zl\u0131 ve etkili bir \u015fekilde \u00e7\u00f6z\u00fcme kavu\u015fturmak ad\u0131na profesyonel bir anlay\u0131\u015fla \u00e7al\u0131\u015f\u0131r. Canl\u0131 destek birimleri ve info destek departmanlar\u0131, 7\/24 hizmet vererek \u00fcyelerin her t\u00fcrl\u00fc soru <a class=\"mh-excerpt-more\" href=\"https:\/\/nisanbet71.com\/tr\/nisanbet-sikayet\/\" title=\"Nisanbet \u015eikayet\">[&#8230;]<\/a><\/p>\n<\/div>","protected":false},"author":1,"featured_media":135,"parent":0,"menu_order":0,"comment_status":"closed","ping_status":"closed","template":"","meta":{"footnotes":""},"class_list":["post-42","page","type-page","status-publish","has-post-thumbnail"],"_links":{"self":[{"href":"https:\/\/nisanbet71.com\/tr\/wp-json\/wp\/v2\/pages\/42","targetHints":{"allow":["GET"]}}],"collection":[{"href":"https:\/\/nisanbet71.com\/tr\/wp-json\/wp\/v2\/pages"}],"about":[{"href":"https:\/\/nisanbet71.com\/tr\/wp-json\/wp\/v2\/types\/page"}],"author":[{"embeddable":true,"href":"https:\/\/nisanbet71.com\/tr\/wp-json\/wp\/v2\/users\/1"}],"replies":[{"embeddable":true,"href":"https:\/\/nisanbet71.com\/tr\/wp-json\/wp\/v2\/comments?post=42"}],"version-history":[{"count":4,"href":"https:\/\/nisanbet71.com\/tr\/wp-json\/wp\/v2\/pages\/42\/revisions"}],"predecessor-version":[{"id":174,"href":"https:\/\/nisanbet71.com\/tr\/wp-json\/wp\/v2\/pages\/42\/revisions\/174"}],"wp:featuredmedia":[{"embeddable":true,"href":"https:\/\/nisanbet71.com\/tr\/wp-json\/wp\/v2\/media\/135"}],"wp:attachment":[{"href":"https:\/\/nisanbet71.com\/tr\/wp-json\/wp\/v2\/media?parent=42"}],"curies":[{"name":"wp","href":"https:\/\/api.w.org\/{rel}","templated":true}]}}