{"id":55,"date":"2024-10-02T21:41:05","date_gmt":"2024-10-02T18:41:05","guid":{"rendered":"https:\/\/nisanbet71.com\/?page_id=55"},"modified":"2025-11-01T00:56:15","modified_gmt":"2025-10-31T21:56:15","slug":"nisanbet-casino","status":"publish","type":"page","link":"https:\/\/nisanbet71.com\/tr\/nisanbet-casino\/","title":{"rendered":"Nisanbet Casino"},"content":{"rendered":"<p style=\"text-align: center;\"><a href=\"https:\/\/nisanbet71.com\/nisanbet-casino\/\"><strong>Nisanbet casino<\/strong><\/a> oyunlar\u0131nda y\u00fcksek kazan\u00e7 elde etmek isteyenler i\u00e7in geni\u015f bir oyun yelpazesi ve b\u00fcy\u00fck \u00f6d\u00fcller sunar. Platformda yer alan turnuvalar ve \u00f6zel etkinlikler, kullan\u0131c\u0131lar\u0131n maksimum kazan\u00e7 f\u0131rsatlar\u0131n\u0131 ke\u015ffetmelerini sa\u011flar. Rekor oranlarla Big Win \u015fans\u0131n\u0131 yakalamak isteyenler i\u00e7in Nisanbet, en iyi casino oyunlar\u0131n\u0131 ve turnuvalar\u0131n\u0131 \u00f6zenle haz\u0131rlam\u0131\u015ft\u0131r.<\/p>\n<figure id=\"attachment_129\" aria-describedby=\"caption-attachment-129\" style=\"width: 500px\" class=\"wp-caption aligncenter\"><img loading=\"lazy\" decoding=\"async\" class=\"wp-image-129 size-full\" src=\"https:\/\/nisanbet71.com\/wp-content\/uploads\/2025\/11\/nisanbet-casino.png\" alt=\"Nisanbet casino sa\u011flay\u0131c\u0131lar\u0131 denetlenen kurulu\u015flard\u0131r.\" width=\"500\" height=\"332\" srcset=\"https:\/\/nisanbet71.com\/wp-content\/uploads\/2025\/11\/nisanbet-casino.png 500w, https:\/\/nisanbet71.com\/wp-content\/uploads\/2025\/11\/nisanbet-casino-300x199.png 300w\" sizes=\"auto, (max-width: 500px) 100vw, 500px\" \/><figcaption id=\"caption-attachment-129\" class=\"wp-caption-text\">Nisanbet Casino<\/figcaption><\/figure>\n<p style=\"text-align: center;\">Platformda, toplam 150.000.000 TL de\u011ferinde turnuva \u00f6d\u00fclleriyle en pop\u00fcler Drops and Wins oyunlar\u0131na kat\u0131labilir ve b\u00fcy\u00fck \u00f6d\u00fcller kazanabilirsin. <strong>Nisanbet casino<\/strong> oyunlar\u0131, canl\u0131 casino ve online casino olmak \u00fczere iki ana kategoriye ayr\u0131l\u0131r. Canl\u0131 casino b\u00f6l\u00fcm\u00fcnde, ger\u00e7ek krupiyeler e\u015fli\u011finde blackjack, rulet, bakara gibi klasik masa oyunlar\u0131n\u0131 oynayabilir, ger\u00e7ek zamanl\u0131 bir casino deneyiminin tad\u0131n\u0131 \u00e7\u0131karabilirsin. Ayr\u0131ca, TV Games kategorisi ile canl\u0131 oyunlar\u0131n heyecan\u0131n\u0131 ba\u015fka bir boyuta ta\u015f\u0131yan \u00f6zel oyunlara kat\u0131labilirsin.<\/p>\n<div id=\"ez-toc-container\" class=\"ez-toc-v2_0_82_2 counter-hierarchy ez-toc-counter ez-toc-grey ez-toc-container-direction\">\n<div class=\"ez-toc-title-container\">\n<p class=\"ez-toc-title\" style=\"cursor:inherit\">\u0130\u00e7indekiler<\/p>\n<span class=\"ez-toc-title-toggle\"><a href=\"#\" class=\"ez-toc-pull-right ez-toc-btn ez-toc-btn-xs ez-toc-btn-default ez-toc-toggle\" aria-label=\"\u0130\u00e7indekiler Tablosunu A\u00e7\/Kapat\"><span class=\"ez-toc-js-icon-con\"><span class=\"\"><span class=\"eztoc-hide\" style=\"display:none;\">Toggle<\/span><span class=\"ez-toc-icon-toggle-span\"><svg style=\"fill: #999;color:#999\" xmlns=\"http:\/\/www.w3.org\/2000\/svg\" class=\"list-377408\" width=\"20px\" height=\"20px\" viewBox=\"0 0 24 24\" fill=\"none\"><path d=\"M6 6H4v2h2V6zm14 0H8v2h12V6zM4 11h2v2H4v-2zm16 0H8v2h12v-2zM4 16h2v2H4v-2zm16 0H8v2h12v-2z\" fill=\"currentColor\"><\/path><\/svg><svg style=\"fill: #999;color:#999\" class=\"arrow-unsorted-368013\" xmlns=\"http:\/\/www.w3.org\/2000\/svg\" width=\"10px\" height=\"10px\" viewBox=\"0 0 24 24\" version=\"1.2\" baseProfile=\"tiny\"><path d=\"M18.2 9.3l-6.2-6.3-6.2 6.3c-.2.2-.3.4-.3.7s.1.5.3.7c.2.2.4.3.7.3h11c.3 0 .5-.1.7-.3.2-.2.3-.5.3-.7s-.1-.5-.3-.7zM5.8 14.7l6.2 6.3 6.2-6.3c.2-.2.3-.5.3-.7s-.1-.5-.3-.7c-.2-.2-.4-.3-.7-.3h-11c-.3 0-.5.1-.7.3-.2.2-.3.5-.3.7s.1.5.3.7z\"\/><\/svg><\/span><\/span><\/span><\/a><\/span><\/div>\n<nav><ul class='ez-toc-list ez-toc-list-level-1 ' ><li class='ez-toc-page-1 ez-toc-heading-level-2'><a class=\"ez-toc-link ez-toc-heading-1\" href=\"https:\/\/nisanbet71.com\/tr\/nisanbet-casino\/#Nisanbet_Kazandiran_Casino\" >Nisanbet Kazand\u0131ran Casino<\/a><ul class='ez-toc-list-level-3' ><li class='ez-toc-heading-level-3'><a class=\"ez-toc-link ez-toc-heading-2\" href=\"https:\/\/nisanbet71.com\/tr\/nisanbet-casino\/#Nisanbet_Guvenilir_Altyapilar\" >Nisanbet G\u00fcvenilir Altyap\u0131lar<\/a><\/li><li class='ez-toc-page-1 ez-toc-heading-level-3'><a class=\"ez-toc-link ez-toc-heading-3\" href=\"https:\/\/nisanbet71.com\/tr\/nisanbet-casino\/#En_Trend_Casino_Nisanbet\" >En Trend Casino Nisanbet<\/a><\/li><\/ul><\/li><\/ul><\/nav><\/div>\n<h2 style=\"text-align: center;\"><span class=\"ez-toc-section\" id=\"Nisanbet_Kazandiran_Casino\"><\/span>Nisanbet Kazand\u0131ran Casino<span class=\"ez-toc-section-end\"><\/span><\/h2>\n<p style=\"text-align: center;\"><a href=\"https:\/\/nisanbet71.com\/\"><strong>Nisanbet giri\u015f <\/strong><\/a>adresi, ayn\u0131 zamanda online slot oyunlar\u0131nda da geni\u015f bir katalog sunar. Slot oyunlar\u0131na giri\u015f yapt\u0131\u011f\u0131nda, b\u00fcy\u00fck jackpotlar\u0131 ve en son kazananlar\u0131 anl\u0131k olarak g\u00f6r\u00fcnt\u00fcleyebilirsin. Bu \u015feffafl\u0131k, kullan\u0131c\u0131lar\u0131n platforma olan g\u00fcvenini art\u0131r\u0131rken, kazan\u00e7 elde etme \u015fans\u0131n\u0131 da g\u00f6zler \u00f6n\u00fcne serer. Y\u00fcksek \u00f6d\u00fcller kazanan oyuncular\u0131n ve kazan\u00e7lar\u0131n detayl\u0131 listesi, hem oyunlar hem de bahis miktarlar\u0131 ve \u00e7arpan oranlar\u0131yla birlikte platformda yer al\u0131r. Bu sayede, kullan\u0131c\u0131lar en pop\u00fcler oyunlar\u0131 ve kazan\u00e7 oranlar\u0131n\u0131 inceleyerek kendi oyun stratejilerini olu\u015fturabilirler.<\/p>\n<p style=\"text-align: center;\">Nisanbet, kullan\u0131c\u0131lar\u0131na en harika avantajlar\u0131 sunmak i\u00e7in \u00e7e\u015fitli bonuslar ve promosyonlar da d\u00fczenler. Bu bonuslar\u0131 kullanarak, giri\u015f yapt\u0131\u011f\u0131n oyunlarda ek kazan\u00e7 f\u0131rsatlar\u0131ndan yararlanabilir ve oyun deneyimini daha k\u00e2rl\u0131 hale getirebilirsin. Platformun \u015feffaf ve kullan\u0131c\u0131 dostu politikalar\u0131 sayesinde, hem oyunlar\u0131n keyfini \u00e7\u0131karabilir hem de g\u00fcvenilir bir ortamda b\u00fcy\u00fck \u00f6d\u00fcllere ula\u015fabilirsin.<\/p>\n<h3 style=\"text-align: center;\"><span class=\"ez-toc-section\" id=\"Nisanbet_Guvenilir_Altyapilar\"><\/span>Nisanbet G\u00fcvenilir Altyap\u0131lar<span class=\"ez-toc-section-end\"><\/span><\/h3>\n<p style=\"text-align: center;\">Nisanbet, casino oyunlar\u0131 kategorisinde zengin bir oyun \u00e7e\u015fitlili\u011fi sunarken, bu oyunlar kaliteli ve g\u00fcvenilir altyap\u0131 sa\u011flay\u0131c\u0131lar\u0131 taraf\u0131ndan desteklenir. Oyun sa\u011flay\u0131c\u0131lar\u0131n\u0131n y\u00fcksek RTP (Return to Player) oranlar\u0131na sahip olmas\u0131, oyuncular\u0131n kazanma \u015fans\u0131n\u0131 art\u0131ran \u00f6nemli bir fakt\u00f6rd\u00fcr. Nisanbet&#8217;te en pop\u00fcler ve en \u00e7ok tercih edilen 5 casino altyap\u0131 sa\u011flay\u0131c\u0131s\u0131n\u0131 senin i\u00e7in derledik:<\/p>\n<p style=\"text-align: center;\"><strong>Amusnet Interactive:<\/strong> Geni\u015f oyun yelpazesi ve yenilik\u00e7i \u00f6zellikleri ile bilinen Amusnet Interactive, hem slot hem de masa oyunlar\u0131 konusunda olduk\u00e7a pop\u00fclerdir. Y\u00fcksek kazan\u00e7 f\u0131rsatlar\u0131 sunan oyunlar\u0131yla, Nisanbet kullan\u0131c\u0131lar\u0131n\u0131n favorileri aras\u0131ndad\u0131r.<\/p>\n<p style=\"text-align: center;\"><strong>Pragmatic Play:<\/strong> D\u00fcnya genelinde b\u00fcy\u00fck bir \u00fcne sahip olan Pragmatic Play, \u00f6zellikle Drops and Wins oyunlar\u0131 ile tan\u0131n\u0131r. Y\u00fcksek kazan\u00e7 \u00f6d\u00fclleri ve benzersiz oyun deneyimi sunan bu sa\u011flay\u0131c\u0131, Nisanbet&#8217;in casino oyunlar\u0131 kategorisinde \u00f6ne \u00e7\u0131kar. Pragmatic Play\u2019in sundu\u011fu oyunlar, s\u00fcrekli g\u00fcncellenen i\u00e7erikleri ve dinamik yap\u0131lar\u0131 ile her zaman oyuncular\u0131n ilgi oda\u011f\u0131d\u0131r.<\/p>\n<p style=\"text-align: center;\"><strong>Apollo Games:<\/strong> Hem grafik kalitesi hem de zengin i\u00e7erik \u00e7e\u015fitlili\u011fi ile dikkat \u00e7eken Apollo Games, slot oyunlar\u0131 alan\u0131nda iddial\u0131 isimlerden biridir. Oyunculara e\u011flenceli ve kazan\u00e7l\u0131 bir deneyim sunar ve y\u00fcksek RTP oranlar\u0131yla \u00f6ne \u00e7\u0131kar.<\/p>\n<p style=\"text-align: center;\"><strong>Evolution Gaming:<\/strong> Canl\u0131 casino oyunlar\u0131n\u0131n lider sa\u011flay\u0131c\u0131lar\u0131ndan biri olan Evolution Gaming, ger\u00e7ek krupiyelerle oynanan masa oyunlar\u0131 ve \u00f6zel oyun \u015fovlar\u0131 ile bilinir. Nisanbet&#8217;in canl\u0131 casino b\u00f6l\u00fcm\u00fcnde, Evolution Gaming\u2019in sundu\u011fu zengin oyun lobilerine eri\u015febilir, rulet, blackjack, bakara gibi oyunlar\u0131n heyecan\u0131n\u0131 ger\u00e7ek zamanl\u0131 olarak ya\u015fayabilirsin.<\/p>\n<p style=\"text-align: center;\">Creed Roomz: Yenilik\u00e7i oyunlar\u0131 ve canl\u0131 casino deneyimindeki ba\u015far\u0131s\u0131 ile tan\u0131nan Creed Roomz, casino oyunlar\u0131na farkl\u0131 bir boyut kazand\u0131r\u0131r. Hem slot oyunlar\u0131nda hem de canl\u0131 kumarhane se\u00e7eneklerinde sundu\u011fu \u00e7e\u015fitli oyunlarla, Nisanbet kullan\u0131c\u0131lar\u0131na geni\u015f bir oyun yelpazesi sunar.<\/p>\n<p style=\"text-align: center;\"><strong>Nisanbet<\/strong>, hem <strong>canl\u0131 casino<\/strong> hem de <strong>slot<\/strong> oyunlar\u0131 b\u00f6l\u00fcm\u00fcnde \u00e7e\u015fitli sa\u011flay\u0131c\u0131lar\u0131n en iyi oyunlar\u0131na ev sahipli\u011fi yapar. \u00d6zellikle Pragmatic Play\u2019in d\u00fcnya \u00e7ap\u0131nda \u00fcnl\u00fc Drops and Wins oyunlar\u0131, oyunculara b\u00fcy\u00fck kazan\u00e7 f\u0131rsatlar\u0131 sunar. Ayr\u0131ca, Betconstruct altyap\u0131s\u0131n\u0131n bir par\u00e7as\u0131 olan Evolution Gaming, e\u015fsiz oyun lobileri ve zengin i\u00e7erikleriyle kullan\u0131c\u0131lar taraf\u0131ndan olduk\u00e7a be\u011fenilir.<\/p>\n<p style=\"text-align: center;\">Nisanbet\u2019te oyun sa\u011flay\u0131c\u0131lar\u0131n\u0131n tam listesini inceleyebilir ve filtreleme \u00f6zelli\u011fini kullanarak tercih etti\u011fin sa\u011flay\u0131c\u0131lar\u0131n oyunlar\u0131na h\u0131zl\u0131ca eri\u015febilirsin. Bu sayede, favori oyunlar\u0131n\u0131 bulmak ve en y\u00fcksek kazan\u00e7 f\u0131rsatlar\u0131n\u0131 de\u011ferlendirmek \u00e7ok daha kolay hale gelir.<\/p>\n<p style=\"text-align: center;\">Nisanbet, T\u00fcrkiye\u2019de casino oyunlar\u0131 tutkunlar\u0131na en trend kumar oyunlar\u0131n\u0131 ke\u015ffetme f\u0131rsat\u0131 sunar. Platformda \u00f6zellikle canl\u0131 oyunlar, oyuncular aras\u0131nda olduk\u00e7a pop\u00fclerdir. Bu alanda en tan\u0131nm\u0131\u015f oyun markalar\u0131 ve sa\u011flay\u0131c\u0131lar\u0131, Nisanbet\u2019in geni\u015f oyun yelpazesi i\u00e7inde yer al\u0131r. Creed Roomz, Popok Gaming, <a href=\"https:\/\/www.evolution.com\/\" target=\"_blank\" rel=\"noopener\"><strong>Evolution<\/strong><\/a> ve Live 88 gibi sekt\u00f6r\u00fcn \u00f6nde gelen sa\u011flay\u0131c\u0131lar\u0131, canl\u0131 casino deneyimini bir \u00fcst seviyeye ta\u015f\u0131yan kaliteli oyunlarla dikkat \u00e7eker.<\/p>\n<h3 style=\"text-align: center;\"><span class=\"ez-toc-section\" id=\"En_Trend_Casino_Nisanbet\"><\/span>En Trend Casino Nisanbet<span class=\"ez-toc-section-end\"><\/span><\/h3>\n<p style=\"text-align: center;\">Platformda en \u00e7ok ilgi g\u00f6ren oyunlardan baz\u0131lar\u0131 aras\u0131nda Crazy Time, Lightning Roulette ve Lightning Storm gibi yenilik\u00e7i ve e\u011flenceli oyunlar bulunur. Evolution Gaming taraf\u0131ndan geli\u015ftirilen bu oyunlar, y\u00fcksek kazan\u00e7 potansiyeli ve s\u00fcr\u00fckleyici oyun mekanikleri ile oyunculara e\u015fsiz bir deneyim sunar. \u00d6zellikle Lightning Roulette, klasik rulet oyununu dinamik ve \u00e7arp\u0131c\u0131 bir hale getirirken, Crazy Time, canl\u0131 \u015fov format\u0131nda sundu\u011fu interaktif oyun yap\u0131s\u0131yla oyuncular\u0131 ekran ba\u015f\u0131na kilitler.<\/p>\n<p style=\"text-align: center;\">Nisanbet\u2019in sundu\u011fu <strong>kumar oyunlar\u0131<\/strong>, sadece geleneksel casino oyunlar\u0131yla s\u0131n\u0131rl\u0131 de\u011fildir. Platformda ayr\u0131ca TV Games kategorisi de yer al\u0131r. Bu kategori, kullan\u0131c\u0131lar\u0131n canl\u0131 oyun \u015fovlar\u0131n\u0131n keyfini \u00e7\u0131karmas\u0131na olanak tan\u0131r. TV Games, e\u011flenceyi maksimum seviyeye ta\u015f\u0131yan benzersiz bir deneyim sunar ve oyunculara farkl\u0131 bir oyun atmosferi ya\u015fat\u0131r. Canl\u0131 krupiyeler e\u015fli\u011finde ger\u00e7ekle\u015fen bu oyunlar, hem heyecanl\u0131 hem de kazan\u00e7l\u0131 bir oyun deneyimi arayanlar i\u00e7in idealdir.<\/p>\n<p style=\"text-align: center;\">Nisanbet\u2019in trend kumar oyunlar\u0131, hem yenilik\u00e7i hem de geleneksel oyunlardan olu\u015fan geni\u015f bir se\u00e7ki sunar. Bu sayede, her oyuncu kendi zevkine uygun oyunlar\u0131 kolayca bulabilir. \u0130ster y\u00fcksek tempolu canl\u0131 oyunlar, ister e\u011flenceyi doruklarda ya\u015fatan TV Games olsun, Nisanbet T\u00fcrkiye&#8217;de en trend ve kazand\u0131ran casino oyunlar\u0131n\u0131 tek bir platformda sunar.<\/p>\n","protected":false},"excerpt":{"rendered":"<div class=\"mh-excerpt\"><p>Nisanbet casino oyunlar\u0131nda y\u00fcksek kazan\u00e7 elde etmek isteyenler i\u00e7in geni\u015f bir oyun yelpazesi ve b\u00fcy\u00fck \u00f6d\u00fcller sunar. Platformda yer alan turnuvalar ve \u00f6zel etkinlikler, kullan\u0131c\u0131lar\u0131n maksimum kazan\u00e7 f\u0131rsatlar\u0131n\u0131 ke\u015ffetmelerini sa\u011flar. Rekor oranlarla Big Win \u015fans\u0131n\u0131 <a class=\"mh-excerpt-more\" href=\"https:\/\/nisanbet71.com\/tr\/nisanbet-casino\/\" title=\"Nisanbet Casino\">[&#8230;]<\/a><\/p>\n<\/div>","protected":false},"author":1,"featured_media":129,"parent":0,"menu_order":0,"comment_status":"closed","ping_status":"closed","template":"","meta":{"footnotes":""},"class_list":["post-55","page","type-page","status-publish","has-post-thumbnail"],"_links":{"self":[{"href":"https:\/\/nisanbet71.com\/tr\/wp-json\/wp\/v2\/pages\/55","targetHints":{"allow":["GET"]}}],"collection":[{"href":"https:\/\/nisanbet71.com\/tr\/wp-json\/wp\/v2\/pages"}],"about":[{"href":"https:\/\/nisanbet71.com\/tr\/wp-json\/wp\/v2\/types\/page"}],"author":[{"embeddable":true,"href":"https:\/\/nisanbet71.com\/tr\/wp-json\/wp\/v2\/users\/1"}],"replies":[{"embeddable":true,"href":"https:\/\/nisanbet71.com\/tr\/wp-json\/wp\/v2\/comments?post=55"}],"version-history":[{"count":7,"href":"https:\/\/nisanbet71.com\/tr\/wp-json\/wp\/v2\/pages\/55\/revisions"}],"predecessor-version":[{"id":131,"href":"https:\/\/nisanbet71.com\/tr\/wp-json\/wp\/v2\/pages\/55\/revisions\/131"}],"wp:featuredmedia":[{"embeddable":true,"href":"https:\/\/nisanbet71.com\/tr\/wp-json\/wp\/v2\/media\/129"}],"wp:attachment":[{"href":"https:\/\/nisanbet71.com\/tr\/wp-json\/wp\/v2\/media?parent=55"}],"curies":[{"name":"wp","href":"https:\/\/api.w.org\/{rel}","templated":true}]}}