{"id":61,"date":"2024-10-02T21:45:52","date_gmt":"2024-10-02T18:45:52","guid":{"rendered":"https:\/\/nisanbet71.com\/?page_id=61"},"modified":"2025-11-01T00:57:43","modified_gmt":"2025-10-31T21:57:43","slug":"nisanbet-kayit","status":"publish","type":"page","link":"https:\/\/nisanbet71.com\/tr\/nisanbet-kayit\/","title":{"rendered":"Nisanbet Kay\u0131t"},"content":{"rendered":"<p style=\"text-align: center;\"><a href=\"https:\/\/nisanbet71.com\/nisanbet-kayit\/\"><strong>Nisanbet kay\u0131t<\/strong><\/a> i\u015flemleri olduk\u00e7a basit ve h\u0131zl\u0131 bir \u015fekilde tamamlanabilir. Ancak, sorunsuz kullan\u0131m ve belge gerektirmeyen para \u00e7ekimleri i\u00e7in dikkat edilmesi gereken baz\u0131 \u00f6nemli noktalar vard\u0131r. \u00d6zellikle T\u00fcrkiye&#8217;den oyuncu kabul edip etmedi\u011fi gibi kritik sorular\u0131n yan\u0131tlar\u0131n\u0131 bilmek, kay\u0131t s\u00fcrecinin ba\u015far\u0131l\u0131 bir \u015fekilde tamamlanmas\u0131 a\u00e7\u0131s\u0131ndan \u00f6nemlidir.<\/p>\n<figure id=\"attachment_132\" aria-describedby=\"caption-attachment-132\" style=\"width: 500px\" class=\"wp-caption aligncenter\"><img loading=\"lazy\" decoding=\"async\" class=\"wp-image-132 size-full\" src=\"https:\/\/nisanbet71.com\/wp-content\/uploads\/2025\/11\/nisanbet-kayit.png\" alt=\"Nisanbet kay\u0131t formunda kendinize ait olan bilgiler ile i\u015flem yapman\u0131z kesinlikle \u00e7ok \u00f6nemlidir.\" width=\"500\" height=\"332\" srcset=\"https:\/\/nisanbet71.com\/wp-content\/uploads\/2025\/11\/nisanbet-kayit.png 500w, https:\/\/nisanbet71.com\/wp-content\/uploads\/2025\/11\/nisanbet-kayit-300x199.png 300w\" sizes=\"auto, (max-width: 500px) 100vw, 500px\" \/><figcaption id=\"caption-attachment-132\" class=\"wp-caption-text\">Nisanbet Kay\u0131t<\/figcaption><\/figure>\n<div id=\"ez-toc-container\" class=\"ez-toc-v2_0_82_2 counter-hierarchy ez-toc-counter ez-toc-grey ez-toc-container-direction\">\n<div class=\"ez-toc-title-container\">\n<p class=\"ez-toc-title\" style=\"cursor:inherit\">\u0130\u00e7indekiler<\/p>\n<span class=\"ez-toc-title-toggle\"><a href=\"#\" class=\"ez-toc-pull-right ez-toc-btn ez-toc-btn-xs ez-toc-btn-default ez-toc-toggle\" aria-label=\"\u0130\u00e7indekiler Tablosunu A\u00e7\/Kapat\"><span class=\"ez-toc-js-icon-con\"><span class=\"\"><span class=\"eztoc-hide\" style=\"display:none;\">Toggle<\/span><span class=\"ez-toc-icon-toggle-span\"><svg style=\"fill: #999;color:#999\" xmlns=\"http:\/\/www.w3.org\/2000\/svg\" class=\"list-377408\" width=\"20px\" height=\"20px\" viewBox=\"0 0 24 24\" fill=\"none\"><path d=\"M6 6H4v2h2V6zm14 0H8v2h12V6zM4 11h2v2H4v-2zm16 0H8v2h12v-2zM4 16h2v2H4v-2zm16 0H8v2h12v-2z\" fill=\"currentColor\"><\/path><\/svg><svg style=\"fill: #999;color:#999\" class=\"arrow-unsorted-368013\" xmlns=\"http:\/\/www.w3.org\/2000\/svg\" width=\"10px\" height=\"10px\" viewBox=\"0 0 24 24\" version=\"1.2\" baseProfile=\"tiny\"><path d=\"M18.2 9.3l-6.2-6.3-6.2 6.3c-.2.2-.3.4-.3.7s.1.5.3.7c.2.2.4.3.7.3h11c.3 0 .5-.1.7-.3.2-.2.3-.5.3-.7s-.1-.5-.3-.7zM5.8 14.7l6.2 6.3 6.2-6.3c.2-.2.3-.5.3-.7s-.1-.5-.3-.7c-.2-.2-.4-.3-.7-.3h-11c-.3 0-.5.1-.7.3-.2.2-.3.5-.3.7s.1.5.3.7z\"\/><\/svg><\/span><\/span><\/span><\/a><\/span><\/div>\n<nav><ul class='ez-toc-list ez-toc-list-level-1 ' ><li class='ez-toc-page-1 ez-toc-heading-level-2'><a class=\"ez-toc-link ez-toc-heading-1\" href=\"https:\/\/nisanbet71.com\/tr\/nisanbet-kayit\/#Nisanbet_Turkiyeden_Oyuncu_Kabul_Ediyor_mu\" >Nisanbet T\u00fcrkiye&#8217;den Oyuncu Kabul Ediyor mu?<\/a><\/li><li class='ez-toc-page-1 ez-toc-heading-level-2'><a class=\"ez-toc-link ez-toc-heading-2\" href=\"https:\/\/nisanbet71.com\/tr\/nisanbet-kayit\/#Kayit_Islemlerinde_Dikkat_Edilmesi_Gerekenler\" >Kay\u0131t \u0130\u015flemlerinde Dikkat Edilmesi Gerekenler<\/a><ul class='ez-toc-list-level-3' ><li class='ez-toc-heading-level-3'><a class=\"ez-toc-link ez-toc-heading-3\" href=\"https:\/\/nisanbet71.com\/tr\/nisanbet-kayit\/#Kayittan_Sonra_Sizi_Neler_Bekler\" >Kay\u0131ttan Sonra Sizi Neler Bekler?<\/a><\/li><li class='ez-toc-page-1 ez-toc-heading-level-3'><a class=\"ez-toc-link ez-toc-heading-4\" href=\"https:\/\/nisanbet71.com\/tr\/nisanbet-kayit\/#Uyelik_Sozlesmesi_ve_KYC_Protokolleri\" >\u00dcyelik S\u00f6zle\u015fmesi ve KYC Protokolleri<\/a><\/li><\/ul><\/li><\/ul><\/nav><\/div>\n<h2 style=\"text-align: center;\"><span class=\"ez-toc-section\" id=\"Nisanbet_Turkiyeden_Oyuncu_Kabul_Ediyor_mu\"><\/span>Nisanbet T\u00fcrkiye&#8217;den Oyuncu Kabul Ediyor mu?<span class=\"ez-toc-section-end\"><\/span><\/h2>\n<p style=\"text-align: center;\">Evet, <strong>Nisanbet<\/strong> T\u00fcrkiye&#8217;den oyuncu kabul etmektedir. T\u00fcrk altyap\u0131l\u0131 ve T\u00fcrk\u00e7e dil deste\u011fi ile haz\u0131rlanm\u0131\u015f olan bu platform, T\u00fcrk oyunculara \u00fcyelik onay\u0131 verir. Platformun genel kurallar\u0131 ve \u015fartlar\u0131 incelendi\u011finde, hangi \u00fclkelerden kay\u0131t kabul edildi\u011fi ile ilgili bilgiler de yer almaktad\u0131r. <a href=\"https:\/\/nisanbet71.com\/\"><strong>Nisanbet<\/strong><\/a>, T\u00fcrkiye&#8217;deki oyunculara hizmet vermek \u00fczere dizayn edilmi\u015f bir sistem oldu\u011fu i\u00e7in, T\u00fcrk kullan\u0131c\u0131lar i\u00e7in \u00fcyelik s\u00fcreci sorunsuz bir \u015fekilde ilerler.<\/p>\n<h2 style=\"text-align: center;\"><span class=\"ez-toc-section\" id=\"Kayit_Islemlerinde_Dikkat_Edilmesi_Gerekenler\"><\/span>Kay\u0131t \u0130\u015flemlerinde Dikkat Edilmesi Gerekenler<span class=\"ez-toc-section-end\"><\/span><\/h2>\n<ul style=\"text-align: center;\">\n<li><strong>Ya\u015f S\u0131n\u0131r\u0131:<\/strong> Nisanbet&#8217;e \u00fcye olabilmek i\u00e7in 18 ya\u015f\u0131ndan b\u00fcy\u00fck olman\u0131z gerekmektedir. Bu kural, platformun g\u00fcvenli ve yasal bir oyun ortam\u0131 sunmas\u0131n\u0131 sa\u011flar. Re\u015fit olmayan kullan\u0131c\u0131lar\u0131n \u00fcyelik ba\u015fvurular\u0131 kabul edilmez.<\/li>\n<li><strong>Kimlik Belgesi:<\/strong> Nisanbet, kay\u0131t s\u0131ras\u0131nda kimlik belgesi talep etmez. Bu sayede kullan\u0131c\u0131lar, kimlik bilgileriyle u\u011fra\u015fmadan kolayca \u00fcyelik i\u015flemlerini tamamlayabilirler. Ancak, belirli durumlarda veya finansal i\u015flemlerde g\u00fcvenli\u011fi sa\u011flamak i\u00e7in ilerleyen a\u015famalarda kimlik do\u011frulamas\u0131 istenebilir.<\/li>\n<li><strong>Kay\u0131t Formu:<\/strong> \u00dcyelik i\u015flemleri i\u00e7in platformun ana sayfas\u0131ndaki &#8220;Kay\u0131t Ol&#8221; b\u00f6l\u00fcm\u00fcne t\u0131klayarak, istenen bilgileri eksiksiz ve do\u011fru bir \u015fekilde doldurman\u0131z yeterlidir. Ad, soyad, e-posta adresi, kullan\u0131c\u0131 ad\u0131 ve \u015fifre gibi temel bilgilerle kay\u0131t formu tamamlan\u0131r. Verilen bilgilerin do\u011frulu\u011fu, ilerleyen s\u00fcre\u00e7te sorunsuz para \u00e7ekimleri i\u00e7in \u00f6nemlidir.<\/li>\n<li><strong>Kullan\u0131m Ko\u015fullar\u0131 ve \u015eartlar:<\/strong> Kay\u0131t i\u015flemleri s\u0131ras\u0131nda, Nisanbet&#8217;in genel kullan\u0131m ko\u015fullar\u0131 ve \u015fartlar\u0131n\u0131 kabul etmeniz gerekmektedir. Bu \u015fartlar, platformun hizmetlerini hangi kurallar \u00e7er\u00e7evesinde sundu\u011funu ve kullan\u0131c\u0131lar\u0131n hak ve sorumluluklar\u0131n\u0131 i\u00e7erir.<\/li>\n<\/ul>\n<h3 style=\"text-align: center;\"><span class=\"ez-toc-section\" id=\"Kayittan_Sonra_Sizi_Neler_Bekler\"><\/span>Kay\u0131ttan Sonra Sizi Neler Bekler?<span class=\"ez-toc-section-end\"><\/span><\/h3>\n<p style=\"text-align: center;\">Kay\u0131t i\u015flemlerini tamamlad\u0131ktan sonra, Nisanbet\u2019in geni\u015f oyun yelpazesine eri\u015fim sa\u011flayabilirsiniz. Spor bahislerinden canl\u0131 casinoya, online slotlardan \u00f6zel programlara kadar say\u0131s\u0131z etkinlik, \u00fcyelerin kullan\u0131m\u0131na sunulur. \u00dcstelik, platformun sundu\u011fu bonus ve promosyonlardan yararlanarak, oyun keyfinizi daha kazan\u00e7l\u0131 hale getirebilirsiniz.<\/p>\n<p style=\"text-align: center;\">Nisanbet&#8217;te \u00fcyelik s\u00fcreci, kullan\u0131c\u0131 dostu aray\u00fcz\u00fc sayesinde h\u0131zl\u0131 ve basittir. Bu sayede, kullan\u0131c\u0131lar k\u0131sa s\u00fcrede platforma \u00fcye olarak, e\u011flenceli ve kazan\u00e7l\u0131 oyun d\u00fcnyas\u0131na ad\u0131m atabilirler.<\/p>\n<p style=\"text-align: center;\"><strong>Nisanbet kay\u0131t<\/strong> olmay\u0131 d\u00fc\u015f\u00fcnen kullan\u0131c\u0131lar i\u00e7in, \u00fcyelik s\u00fcrecinde dikkat edilmesi gereken baz\u0131 \u00f6nemli detaylar bulunmaktad\u0131r. Platformun g\u00fcvenilirli\u011fi ve kullan\u0131c\u0131 g\u00fcvenli\u011fini sa\u011flamak ad\u0131na belirledi\u011fi bu kurallar, sorunsuz bir oyun deneyimi ya\u015faman\u0131z i\u00e7in gereklidir. \u0130\u015fte <strong>Nisanbet kay\u0131t<\/strong> i\u015flemleri s\u0131ras\u0131nda dikkat etmeniz gereken 5 \u00f6nemli detay:<\/p>\n<ul style=\"text-align: center;\">\n<li><strong>Ger\u00e7ek Ki\u015filer \u0130\u00e7in \u00dcyelik Onay\u0131:<\/strong> Nisanbet, yaln\u0131zca ger\u00e7ek ki\u015filer taraf\u0131ndan yap\u0131lan \u00fcyelik ba\u015fvurular\u0131n\u0131 kabul eder. Sahte veya yan\u0131lt\u0131c\u0131 bilgilerle olu\u015fturulan hesaplar, platformun g\u00fcvenlik politikalar\u0131na ayk\u0131r\u0131d\u0131r ve bu t\u00fcr hesaplar tespit edildi\u011finde kapat\u0131l\u0131r.<\/li>\n<li><strong>Resmi Banka Hesab\u0131 Zorunlulu\u011fu:<\/strong> Platformda finansal i\u015flemleri ger\u00e7ekle\u015ftirebilmek i\u00e7in her kullan\u0131c\u0131n\u0131n kendi ad\u0131na kay\u0131tl\u0131 bir banka hesab\u0131 olmas\u0131 gerekmektedir. Bu, para yat\u0131rma ve \u00e7ekme i\u015flemlerinin g\u00fcvenli ve yasal bir \u015fekilde y\u00fcr\u00fct\u00fclmesi i\u00e7in zorunludur. Ba\u015fkas\u0131na ait banka hesaplar\u0131 \u00fczerinden i\u015flem yap\u0131lmas\u0131na izin verilmez.<\/li>\n<li><strong>G\u00fcncel \u0130leti\u015fim Bilgileri:<\/strong> Kay\u0131t i\u015flemleri s\u0131ras\u0131nda cep telefonu numaran\u0131z\u0131 ve e-posta adresinizi g\u00fcncel ve do\u011fru bir \u015fekilde girmeniz gerekmektedir. Bu bilgiler, hesap g\u00fcvenli\u011fi, promosyonlar ve platformdan gelen \u00f6nemli bildirimler i\u00e7in kullan\u0131l\u0131r. Yan\u0131lt\u0131c\u0131 veya eksik ileti\u015fim bilgileri, \u00fcyelik onay\u0131 s\u00fcrecini olumsuz etkileyebilir.<\/li>\n<li><strong>\u00c7oklu Hesap A\u00e7maya \u0130zin Verilmez:<\/strong> Nisanbet, kullan\u0131c\u0131lar\u0131n platformda birden fazla hesap a\u00e7mas\u0131na izin vermez. Her bireyin yaln\u0131zca bir hesap olu\u015fturmas\u0131na izin verilir. Ayn\u0131 ki\u015fi taraf\u0131ndan birden fazla hesap a\u00e7\u0131lmas\u0131, genel kurallar\u0131n ihlali olarak de\u011ferlendirilir ve bu hesaplar kapat\u0131l\u0131r.<\/li>\n<li><strong>Ayn\u0131 IP Adresinden Kat\u0131l\u0131m:<\/strong> Ayn\u0131 IP adresinden platforma kat\u0131lan kullan\u0131c\u0131lardan yaln\u0131zca biri \u00fcyelik bonusu kullanabilir. Bu kural, ayn\u0131 ev veya a\u011f \u00fczerinden kat\u0131lan kullan\u0131c\u0131lar i\u00e7in ge\u00e7erlidir ve bonus suistimalini \u00f6nlemek i\u00e7in uygulan\u0131r. Her bir kullan\u0131c\u0131, bireysel haklar\u0131n\u0131 kullanarak bonuslardan faydalanabilir.<\/li>\n<\/ul>\n<h3 style=\"text-align: center;\"><span class=\"ez-toc-section\" id=\"Uyelik_Sozlesmesi_ve_KYC_Protokolleri\"><\/span>\u00dcyelik S\u00f6zle\u015fmesi ve KYC Protokolleri<span class=\"ez-toc-section-end\"><\/span><\/h3>\n<p style=\"text-align: center;\">Nisanbet, kay\u0131t s\u00fcreci s\u0131ras\u0131nda t\u00fcm kullan\u0131c\u0131lardan \u00fcyelik s\u00f6zle\u015fmesini kabul etmelerini ister. Bu s\u00f6zle\u015fme, platformun genel kurallar\u0131n\u0131 ve kullan\u0131c\u0131lar\u0131n hak ve sorumluluklar\u0131n\u0131 a\u00e7\u0131klar. Kullan\u0131c\u0131lar\u0131n bu s\u00f6zle\u015fmeyi dikkatlice incelemeleri \u00f6nemlidir, \u00e7\u00fcnk\u00fc kurallara ayk\u0131r\u0131 davran\u0131\u015flarda bulunan \u00fcyelerin hesaplar\u0131 platform taraf\u0131ndan otomatik olarak kapat\u0131labilir.<\/p>\n<p style=\"text-align: center;\">Platform, KYC (Know Your Customer) protokolleri kapsam\u0131nda gerekli g\u00f6r\u00fcld\u00fc\u011f\u00fc durumlarda kimlik incelemesi yapabilir. Bu, kullan\u0131c\u0131lar\u0131n kimli\u011fini do\u011frulamak ve platformun g\u00fcvenlik standartlar\u0131n\u0131 korumak amac\u0131yla uygulan\u0131r. Ancak, ilk kay\u0131t a\u015famas\u0131nda kimlik veya T.C. kimlik numaras\u0131 talep edilmez, bu da kay\u0131t s\u00fcrecini daha h\u0131zl\u0131 ve pratik hale getirir.<\/p>\n<p style=\"text-align: center;\"><strong>Nisanbet, bu temel kurallar\u0131 uygulayarak, hem platformun g\u00fcvenilirli\u011fini art\u0131rmay\u0131 hem de kullan\u0131c\u0131lar\u0131na g\u00fcvenli bir oyun ortam\u0131 sunmay\u0131 hedefler.<\/strong><\/p>\n<p style=\"text-align: center;\"><strong>Nisanbet<\/strong>, kullan\u0131c\u0131 dostu \u00fcyelik i\u015flemleri ile bilinir. Kay\u0131t s\u00fcrecinin ard\u0131ndan, kullan\u0131c\u0131lar \u00e7e\u015fitli bonuslardan yararlanman\u0131n yan\u0131 s\u0131ra hesap y\u00f6netimi konusunda da esneklik elde eder. Platform, ge\u00e7ici veya kal\u0131c\u0131 hesap silme i\u015flemlerini sorunsuz bir \u015fekilde ger\u00e7ekle\u015ftirir. Ayr\u0131ca, platformun genel kurallar\u0131na uymayan kullan\u0131c\u0131lar\u0131n hesaplar\u0131, sistem taraf\u0131ndan otomatik olarak silinebilir. Riskli durumlar, hile yap\u0131lmas\u0131 veya bonuslar\u0131n adil kullan\u0131lmamas\u0131 gibi nedenler, hesap kapatma i\u00e7in ge\u00e7erli sebepler aras\u0131nda yer al\u0131r.<\/p>\n","protected":false},"excerpt":{"rendered":"<div class=\"mh-excerpt\"><p>Nisanbet kay\u0131t i\u015flemleri olduk\u00e7a basit ve h\u0131zl\u0131 bir \u015fekilde tamamlanabilir. Ancak, sorunsuz kullan\u0131m ve belge gerektirmeyen para \u00e7ekimleri i\u00e7in dikkat edilmesi gereken baz\u0131 \u00f6nemli noktalar vard\u0131r. \u00d6zellikle T\u00fcrkiye&#8217;den oyuncu kabul edip etmedi\u011fi gibi kritik sorular\u0131n <a class=\"mh-excerpt-more\" href=\"https:\/\/nisanbet71.com\/tr\/nisanbet-kayit\/\" title=\"Nisanbet Kay\u0131t\">[&#8230;]<\/a><\/p>\n<\/div>","protected":false},"author":1,"featured_media":132,"parent":0,"menu_order":0,"comment_status":"closed","ping_status":"closed","template":"","meta":{"footnotes":""},"class_list":["post-61","page","type-page","status-publish","has-post-thumbnail"],"_links":{"self":[{"href":"https:\/\/nisanbet71.com\/tr\/wp-json\/wp\/v2\/pages\/61","targetHints":{"allow":["GET"]}}],"collection":[{"href":"https:\/\/nisanbet71.com\/tr\/wp-json\/wp\/v2\/pages"}],"about":[{"href":"https:\/\/nisanbet71.com\/tr\/wp-json\/wp\/v2\/types\/page"}],"author":[{"embeddable":true,"href":"https:\/\/nisanbet71.com\/tr\/wp-json\/wp\/v2\/users\/1"}],"replies":[{"embeddable":true,"href":"https:\/\/nisanbet71.com\/tr\/wp-json\/wp\/v2\/comments?post=61"}],"version-history":[{"count":5,"href":"https:\/\/nisanbet71.com\/tr\/wp-json\/wp\/v2\/pages\/61\/revisions"}],"predecessor-version":[{"id":134,"href":"https:\/\/nisanbet71.com\/tr\/wp-json\/wp\/v2\/pages\/61\/revisions\/134"}],"wp:featuredmedia":[{"embeddable":true,"href":"https:\/\/nisanbet71.com\/tr\/wp-json\/wp\/v2\/media\/132"}],"wp:attachment":[{"href":"https:\/\/nisanbet71.com\/tr\/wp-json\/wp\/v2\/media?parent=61"}],"curies":[{"name":"wp","href":"https:\/\/api.w.org\/{rel}","templated":true}]}}