{"id":80,"date":"2024-10-02T22:55:59","date_gmt":"2024-10-02T19:55:59","guid":{"rendered":"https:\/\/nisanbet71.com\/?page_id=80"},"modified":"2024-10-02T23:01:36","modified_gmt":"2024-10-02T20:01:36","slug":"iletisim","status":"publish","type":"page","link":"https:\/\/nisanbet71.com\/tr\/iletisim\/","title":{"rendered":"\u0130leti\u015fim"},"content":{"rendered":"<p>Nisanbet bahis platformu, spor, slot ve canl\u0131 casino alan\u0131nda hizmet veren g\u00fcvenilir bir site olarak \u00f6ne \u00e7\u0131kmaktad\u0131r. Ayr\u0131ca 3d slot, taz\u0131 yar\u0131\u015f\u0131, e-spor gibi bahis oyunlara da bahis se\u00e7enece\u011fi sunar.<\/p>\n<p><a href=\"https:\/\/nisanbet71.com\/\"><strong>Nisanbet Giri\u015f Adresi<\/strong><\/a>, ak\u0131c\u0131 bir aray\u00fcze sahip olup, g\u00fc\u00e7l\u00fc altyap\u0131s\u0131 ve \u00f6zel yaz\u0131l\u0131ml\u0131 olan mobil uygulamas\u0131 sayesinde kullan\u0131c\u0131lar\u0131n dikkatini \u00e7ekmektedir.<\/p>\n<p><iframe loading=\"lazy\" style=\"border: 0;\" src=\"https:\/\/www.google.com\/maps\/embed?pb=!1m18!1m12!1m3!1d48147.59774974582!2d28.933721733826065!3d41.04221154294792!2m3!1f0!2f0!3f0!3m2!1i1024!2i768!4f13.1!3m3!1m2!1s0x14caa7040068086b%3A0xe1ccfe98bc01b0d0!2zxLBzdGFuYnVsLCBUw7xya2l5ZQ!5e0!3m2!1str!2spl!4v1727899084970!5m2!1str!2spl\" width=\"600\" height=\"450\" allowfullscreen=\"allowfullscreen\"><\/iframe><\/p>\n","protected":false},"excerpt":{"rendered":"<div class=\"mh-excerpt\"><p>Nisanbet bahis platformu, spor, slot ve canl\u0131 casino alan\u0131nda hizmet veren g\u00fcvenilir bir site olarak \u00f6ne \u00e7\u0131kmaktad\u0131r. Ayr\u0131ca 3d slot, taz\u0131 yar\u0131\u015f\u0131, e-spor gibi bahis oyunlara da bahis se\u00e7enece\u011fi sunar. Nisanbet Giri\u015f Adresi, ak\u0131c\u0131 bir <a class=\"mh-excerpt-more\" href=\"https:\/\/nisanbet71.com\/tr\/iletisim\/\" title=\"\u0130leti\u015fim\">[&#8230;]<\/a><\/p>\n<\/div>","protected":false},"author":1,"featured_media":0,"parent":0,"menu_order":0,"comment_status":"closed","ping_status":"closed","template":"","meta":{"footnotes":""},"class_list":["post-80","page","type-page","status-publish"],"_links":{"self":[{"href":"https:\/\/nisanbet71.com\/tr\/wp-json\/wp\/v2\/pages\/80","targetHints":{"allow":["GET"]}}],"collection":[{"href":"https:\/\/nisanbet71.com\/tr\/wp-json\/wp\/v2\/pages"}],"about":[{"href":"https:\/\/nisanbet71.com\/tr\/wp-json\/wp\/v2\/types\/page"}],"author":[{"embeddable":true,"href":"https:\/\/nisanbet71.com\/tr\/wp-json\/wp\/v2\/users\/1"}],"replies":[{"embeddable":true,"href":"https:\/\/nisanbet71.com\/tr\/wp-json\/wp\/v2\/comments?post=80"}],"version-history":[{"count":1,"href":"https:\/\/nisanbet71.com\/tr\/wp-json\/wp\/v2\/pages\/80\/revisions"}],"predecessor-version":[{"id":81,"href":"https:\/\/nisanbet71.com\/tr\/wp-json\/wp\/v2\/pages\/80\/revisions\/81"}],"wp:attachment":[{"href":"https:\/\/nisanbet71.com\/tr\/wp-json\/wp\/v2\/media?parent=80"}],"curies":[{"name":"wp","href":"https:\/\/api.w.org\/{rel}","templated":true}]}}